{"id":103,"date":"2020-04-17T11:30:04","date_gmt":"2020-04-17T09:30:04","guid":{"rendered":"http:\/\/ortoreha.hu\/?page_id=103"},"modified":"2020-07-04T01:15:13","modified_gmt":"2020-07-03T23:15:13","slug":"termekeink","status":"publish","type":"page","link":"https:\/\/ortoreha.hu\/?page_id=103","title":{"rendered":"Term\u00e9keink"},"content":{"rendered":"\n<p><strong>Egyedileg gy\u00e1rtott eszk\u00f6z\u00f6k:<\/strong><br>Als\u00f3 v\u00e9gtagok prot\u00e9zisrendszerei<br><a href=\"http:\/\/ortoreha.hu\/wp-content\/uploads\/2020\/04\/ob-mobis.jpg\" target=\"_blank\" rel=\"noopener noreferrer\">MOBIS<\/a> rendszer(<a href=\"http:\/\/ortoreha.hu\/wp-content\/uploads\/2020\/04\/mobis-1.jpg\" target=\"_blank\" rel=\"noopener noreferrer\">1<\/a>, <a href=\"http:\/\/ortoreha.hu\/wp-content\/uploads\/2020\/04\/mobis-1-001.jpg\" target=\"_blank\" rel=\"noopener noreferrer\">2<\/a>, <a href=\"http:\/\/ortoreha.hu\/wp-content\/uploads\/2020\/04\/mobis-1-002.jpg\" target=\"_blank\" rel=\"noopener noreferrer\">3<\/a>)  mely alapj\u00e1n a p\u00e1ciens mobilit\u00e1sfok\u00e1nak \u00e9s s\u00faly\u00e1nak figyelembev\u00e9tel\u00e9vel tervezz\u00fck meg \u00e9s k\u00e9sz\u00edtj\u00fck el az ide\u00e1lis prot\u00e9zist.<br>(Az Otto Bock c\u00e9g enged\u00e9ly\u00e9vel) <\/p>\n\n\n\n<p><strong>R\u00e9szleges l\u00e1bprot\u00e9zisek:<\/strong><br>Indik\u00e1ci\u00f3: A l\u00e1b velesz\u00fcletett vagy szerzett, r\u00e9szleges vagy teljes hi\u00e1nya<\/p>\n\n\n\n<p><strong>L\u00e1bsz\u00e1rcsonk prot\u00e9zisek:<\/strong><br>Indik\u00e1ci\u00f3: a l\u00e1b \u00e9s l\u00e1bsz\u00e1r velesz\u00fcletett vagy szerzett hi\u00e1nya<br>(k\u00e9pek: L-211, L-212, <a href=\"http:\/\/ortoreha.hu\/wp-content\/uploads\/2020\/04\/L_251_L_252_cs_v_zas_prot_zisek.jpg\" target=\"_blank\" rel=\"noopener noreferrer\">L-251<\/a>, <a href=\"http:\/\/ortoreha.hu\/wp-content\/uploads\/2020\/04\/L_251_L_252_cs_v_zas_prot_zisek.jpg\" target=\"_blank\" rel=\"noopener noreferrer\">L-252<\/a>)<\/p>\n\n\n\n<p><strong>T\u00e9rdcsonk prot\u00e9zisek:<\/strong><br>Indik\u00e1ci\u00f3: a l\u00e1b \u00e9s l\u00e1bsz\u00e1r velesz\u00fcletett vagy szerzett hi\u00e1nya<br>(k\u00e9p: L-354) <\/p>\n\n\n\n<p><strong>Combcsonk prot\u00e9zisek:<\/strong><br>Indik\u00e1ci\u00f3: l\u00e1b l\u00e1bsz\u00e1r \u00e9s comb velesz\u00fcletett vagy szerzett hi\u00e1nya<br>(k\u00e9p: L-355, L-356, L-324)<\/p>\n\n\n\n<p><strong>Combprot\u00e9zisek t\u00e9rd\u00edz\u00fclettel:<\/strong><br>Indik\u00e1ci\u00f3: a comb fejl\u00f5d\u00e9si rendelleness\u00e9gre visszavezethet\u00f5 hi\u00e1nya eset\u00e9n<br>(k\u00e9p: L-513)<\/p>\n\n\n\n<p><strong>Cs\u00edp\u0151csonk prot\u00e9zisek:<\/strong><br>Indik\u00e1ci\u00f3: l\u00e1b l\u00e1bsz\u00e1r \u00e9s comb velesz\u00fcletett vagy szerzett hi\u00e1nya<br>(k\u00e9p: L-414)<br>Nem \u00e1talak\u00edthat\u00f3 ideiglenes prot\u00e9zisek als\u00f3v\u00e9gtag amput\u00e1ltak korai mobiliz\u00e1l\u00e1s\u00e1ra<br>L\u00e1bsz\u00e1rcsonkra. (k\u00e9p: L-250, L-350)<\/p>\n\n\n\n<p><strong>Als\u00f3 v\u00e9gtagok ort\u00e9zis-rendszerei:<\/strong><br>Bokaort\u00e9zis (k\u00e9p OR boka)<br>T\u00e9rdort\u00e9zis (k\u00e9p J-42\/M)<\/p>\n\n\n\n<p><strong>Fels\u0151 v\u00e9gtag prot\u00e9zisek:<\/strong><br>Indik\u00e1ci\u00f3: egy vagy t\u00f6bb k\u00e9zujj, ujjr\u00e9sz hi\u00e1nya, k\u00e9z, alkar, felkar r\u00e9szleges vagy teljes velesz\u00fcletett vagy szerzett hi\u00e1nya (k\u00e9p: Alkar)<\/p>\n\n\n\n<p><strong>Gerinc ort\u00e9zisek:<\/strong><br>Indik\u00e1ci\u00f3: H\u00e1ti struktur\u00e1lis deformit\u00e1s, scoliosis, Scheuermann k\u00f3r, postoperat\u00edv \u00e1llapot, struktur\u00e1lis defektus<br>S\u00falyos gerincprobl\u00e9m\u00e1k eset\u00e9n aj\u00e1nlott az egyedi m\u00e9retv\u00e9tel ut\u00e1n k\u00e9sz\u00edtett merev anyagb\u00f3l k\u00e9sz\u00fclt f\u00fbz\u00f5k visel\u00e9se.<br>C\u00e9g\u00fcnk \u00e1ltal k\u00e9sz\u00edtett legelterjedtebb f\u00fbz\u00f5 a Traum\u00e1s f\u00fbz\u00f5, amely traum\u00e1s s\u00e9r\u00fcl\u00e9s vagy osteoporosis eredet\u00fb csigolyat\u00f6r\u00e9s eset\u00e9n aj\u00e1nlott. (K\u00e9p: traum\u00e1s f\u00fbz\u00f5)<\/p>\n","protected":false},"excerpt":{"rendered":"<p>Egyedileg gy\u00e1rtott eszk\u00f6z\u00f6k:Als\u00f3 v\u00e9gtagok prot\u00e9zisrendszereiMOBIS rendszer(1, 2, 3) mely alapj\u00e1n a p\u00e1ciens mobilit\u00e1sfok\u00e1nak \u00e9s s\u00faly\u00e1nak figyelembev\u00e9tel\u00e9vel tervezz\u00fck meg \u00e9s k\u00e9sz\u00edtj\u00fck el az ide\u00e1lis prot\u00e9zist.(Az Otto Bock c\u00e9g enged\u00e9ly\u00e9vel) R\u00e9szleges l\u00e1bprot\u00e9zisek:Indik\u00e1ci\u00f3:&hellip;<a href=\"https:\/\/ortoreha.hu\/?page_id=103\" class=\"more-link\"><span class=\"more-button\">Continue reading<span class=\"screen-reader-text\">Term\u00e9keink<\/span><\/span><\/a><\/p>\n","protected":false},"author":1,"featured_media":59,"parent":0,"menu_order":0,"comment_status":"closed","ping_status":"closed","template":"","meta":[],"_links":{"self":[{"href":"https:\/\/ortoreha.hu\/index.php?rest_route=\/wp\/v2\/pages\/103"}],"collection":[{"href":"https:\/\/ortoreha.hu\/index.php?rest_route=\/wp\/v2\/pages"}],"about":[{"href":"https:\/\/ortoreha.hu\/index.php?rest_route=\/wp\/v2\/types\/page"}],"author":[{"embeddable":true,"href":"https:\/\/ortoreha.hu\/index.php?rest_route=\/wp\/v2\/users\/1"}],"replies":[{"embeddable":true,"href":"https:\/\/ortoreha.hu\/index.php?rest_route=%2Fwp%2Fv2%2Fcomments&post=103"}],"version-history":[{"count":8,"href":"https:\/\/ortoreha.hu\/index.php?rest_route=\/wp\/v2\/pages\/103\/revisions"}],"predecessor-version":[{"id":355,"href":"https:\/\/ortoreha.hu\/index.php?rest_route=\/wp\/v2\/pages\/103\/revisions\/355"}],"wp:featuredmedia":[{"embeddable":true,"href":"https:\/\/ortoreha.hu\/index.php?rest_route=\/wp\/v2\/media\/59"}],"wp:attachment":[{"href":"https:\/\/ortoreha.hu\/index.php?rest_route=%2Fwp%2Fv2%2Fmedia&parent=103"}],"curies":[{"name":"wp","href":"https:\/\/api.w.org\/{rel}","templated":true}]}}