{"id":150,"date":"2020-04-20T11:12:39","date_gmt":"2020-04-20T09:12:39","guid":{"rendered":"http:\/\/ortoreha.hu\/?page_id=150"},"modified":"2022-04-19T18:10:02","modified_gmt":"2022-04-19T16:10:02","slug":"videok","status":"publish","type":"page","link":"https:\/\/ortoreha.hu\/?page_id=150","title":{"rendered":"Vide\u00f3k"},"content":{"rendered":"\n<p>Ortoreha Kft. bemutatkoz\u00f3 vide\u00f3<\/p>\n\n\n\n<figure class=\"wp-block-embed is-type-video is-provider-youtube wp-block-embed-youtube wp-embed-aspect-4-3 wp-has-aspect-ratio\"><div class=\"wp-block-embed__wrapper\">\n<iframe loading=\"lazy\" title=\"ORTOREHA.MPG\" width=\"1230\" height=\"923\" src=\"https:\/\/www.youtube.com\/embed\/jyfL0flrHFs?feature=oembed\" frameborder=\"0\" allow=\"accelerometer; autoplay; clipboard-write; encrypted-media; gyroscope; picture-in-picture\" allowfullscreen><\/iframe>\n<\/div><\/figure>\n\n\n\n<p>Otto Bock &#8211; Trias 1C30 l\u00e1bfej<\/p>\n\n\n\n<figure class=\"wp-block-embed is-type-video is-provider-youtube wp-block-embed-youtube wp-embed-aspect-4-3 wp-has-aspect-ratio\"><div class=\"wp-block-embed__wrapper\">\n<iframe loading=\"lazy\" title=\"Otto Bock New 1C30 Trials\" width=\"1230\" height=\"923\" src=\"https:\/\/www.youtube.com\/embed\/j9LgPfr5yEY?feature=oembed\" frameborder=\"0\" allow=\"accelerometer; autoplay; clipboard-write; encrypted-media; gyroscope; picture-in-picture\" allowfullscreen><\/iframe>\n<\/div><\/figure>\n\n\n\n<figure class=\"wp-block-embed is-type-video is-provider-youtube wp-block-embed-youtube wp-embed-aspect-16-9 wp-has-aspect-ratio\"><div class=\"wp-block-embed__wrapper\">\n<iframe loading=\"lazy\" title=\"1C30 Trias - 360\u00b0\" width=\"1230\" height=\"692\" src=\"https:\/\/www.youtube.com\/embed\/mUT7-R4bcfo?feature=oembed\" frameborder=\"0\" allow=\"accelerometer; autoplay; clipboard-write; encrypted-media; gyroscope; picture-in-picture\" allowfullscreen><\/iframe>\n<\/div><\/figure>\n\n\n\n<p>Otto Bock &#8211; 3R95 hidraulikus t\u00e9rd\u00edz\u00fclet<\/p>\n\n\n\n<figure class=\"wp-block-embed is-type-video is-provider-youtube wp-block-embed-youtube wp-embed-aspect-16-9 wp-has-aspect-ratio\"><div class=\"wp-block-embed__wrapper\">\n<iframe loading=\"lazy\" title=\"3R95 - 360\u00b0\" width=\"1230\" height=\"692\" src=\"https:\/\/www.youtube.com\/embed\/Iwdm4gZlCPA?feature=oembed\" frameborder=\"0\" allow=\"accelerometer; autoplay; clipboard-write; encrypted-media; gyroscope; picture-in-picture\" allowfullscreen><\/iframe>\n<\/div><\/figure>\n\n\n\n<p>Otto Bock &#8211; Triton l\u00e1bfej<\/p>\n\n\n\n<figure class=\"wp-block-embed is-type-video is-provider-youtube wp-block-embed-youtube wp-embed-aspect-16-9 wp-has-aspect-ratio\"><div class=\"wp-block-embed__wrapper\">\n<iframe loading=\"lazy\" title=\"Triton Family - 360\u00b0\" width=\"1230\" height=\"692\" src=\"https:\/\/www.youtube.com\/embed\/EHEC85PzY_I?feature=oembed\" frameborder=\"0\" allow=\"accelerometer; autoplay; clipboard-write; encrypted-media; gyroscope; picture-in-picture\" allowfullscreen><\/iframe>\n<\/div><\/figure>\n\n\n\n<p>Otto Bock &#8211; 3R80 hidraulikus t\u00e9rd\u00edz\u00fclet<\/p>\n\n\n\n<figure class=\"wp-block-embed is-type-video is-provider-youtube wp-block-embed-youtube wp-embed-aspect-16-9 wp-has-aspect-ratio\"><div class=\"wp-block-embed__wrapper\">\n<iframe loading=\"lazy\" title=\"EBSpro - 360\u00b0\" width=\"1230\" height=\"692\" src=\"https:\/\/www.youtube.com\/embed\/PeOgGnxuD3k?feature=oembed\" frameborder=\"0\" allow=\"accelerometer; autoplay; clipboard-write; encrypted-media; gyroscope; picture-in-picture\" allowfullscreen><\/iframe>\n<\/div><\/figure>\n\n\n\n<p>Otto Bock &#8211; 3R20  t\u00e9rd\u00edz\u00fclet<\/p>\n\n\n\n<figure class=\"wp-block-embed is-type-video is-provider-youtube wp-block-embed-youtube wp-embed-aspect-16-9 wp-has-aspect-ratio\"><div class=\"wp-block-embed__wrapper\">\n<iframe loading=\"lazy\" title=\"3R20 - 360\u00b0\" width=\"1230\" height=\"692\" src=\"https:\/\/www.youtube.com\/embed\/bHM7PNKxTsg?feature=oembed\" frameborder=\"0\" allow=\"accelerometer; autoplay; clipboard-write; encrypted-media; gyroscope; picture-in-picture\" allowfullscreen><\/iframe>\n<\/div><\/figure>\n","protected":false},"excerpt":{"rendered":"<p>Ortoreha Kft. bemutatkoz\u00f3 vide\u00f3 Otto Bock &#8211; Trias 1C30 l\u00e1bfej Otto Bock &#8211; 3R95 hidraulikus t\u00e9rd\u00edz\u00fclet Otto Bock &#8211; Triton l\u00e1bfej Otto Bock &#8211; 3R80 hidraulikus t\u00e9rd\u00edz\u00fclet Otto Bock &#8211;&hellip;<a href=\"https:\/\/ortoreha.hu\/?page_id=150\" class=\"more-link\"><span class=\"more-button\">Continue reading<span class=\"screen-reader-text\">Vide\u00f3k<\/span><\/span><\/a><\/p>\n","protected":false},"author":1,"featured_media":0,"parent":0,"menu_order":0,"comment_status":"closed","ping_status":"closed","template":"","meta":[],"_links":{"self":[{"href":"https:\/\/ortoreha.hu\/index.php?rest_route=\/wp\/v2\/pages\/150"}],"collection":[{"href":"https:\/\/ortoreha.hu\/index.php?rest_route=\/wp\/v2\/pages"}],"about":[{"href":"https:\/\/ortoreha.hu\/index.php?rest_route=\/wp\/v2\/types\/page"}],"author":[{"embeddable":true,"href":"https:\/\/ortoreha.hu\/index.php?rest_route=\/wp\/v2\/users\/1"}],"replies":[{"embeddable":true,"href":"https:\/\/ortoreha.hu\/index.php?rest_route=%2Fwp%2Fv2%2Fcomments&post=150"}],"version-history":[{"count":4,"href":"https:\/\/ortoreha.hu\/index.php?rest_route=\/wp\/v2\/pages\/150\/revisions"}],"predecessor-version":[{"id":415,"href":"https:\/\/ortoreha.hu\/index.php?rest_route=\/wp\/v2\/pages\/150\/revisions\/415"}],"wp:attachment":[{"href":"https:\/\/ortoreha.hu\/index.php?rest_route=%2Fwp%2Fv2%2Fmedia&parent=150"}],"curies":[{"name":"wp","href":"https:\/\/api.w.org\/{rel}","templated":true}]}}