{"id":8,"date":"2020-04-16T08:35:50","date_gmt":"2020-04-16T08:35:50","guid":{"rendered":"http:\/\/ortoreha.hu\/?page_id=8"},"modified":"2020-04-16T22:57:52","modified_gmt":"2020-04-16T20:57:52","slug":"kezdolap","status":"publish","type":"page","link":"https:\/\/ortoreha.hu\/","title":{"rendered":"Kezd\u0151lap"},"content":{"rendered":"<div align=\"center\" style=\"text-align: left;\">Tisztelt L\u00e1togat\u00f3!<\/div>\n<div align=\"center\" style=\"text-align: left;\">K\u00f6sz\u00f6nj\u00fck, hogy megl\u00e1togatta oldalunkat. Rem\u00e9lj\u00fck, hogy c\u00e9g\u00fcnkr\u0151l \u00e9s term\u00e9keinkr\u0151l hasznos \u00e9s fontos inform\u00e1ci\u00f3kkal tudunk szolg\u00e1lni a&nbsp; men\u00fcpontok megnyit\u00e1sa sor\u00e1n.<\/div>\n","protected":false},"excerpt":{"rendered":"<p>Tisztelt L\u00e1togat\u00f3! K\u00f6sz\u00f6nj\u00fck, hogy megl\u00e1togatta oldalunkat. Rem\u00e9lj\u00fck, hogy c\u00e9g\u00fcnkr\u0151l \u00e9s term\u00e9keinkr\u0151l hasznos \u00e9s fontos inform\u00e1ci\u00f3kkal tudunk szolg\u00e1lni a&nbsp; men\u00fcpontok megnyit\u00e1sa sor\u00e1n.<\/p>\n","protected":false},"author":1,"featured_media":62,"parent":0,"menu_order":0,"comment_status":"closed","ping_status":"closed","template":"","meta":[],"_links":{"self":[{"href":"https:\/\/ortoreha.hu\/index.php?rest_route=\/wp\/v2\/pages\/8"}],"collection":[{"href":"https:\/\/ortoreha.hu\/index.php?rest_route=\/wp\/v2\/pages"}],"about":[{"href":"https:\/\/ortoreha.hu\/index.php?rest_route=\/wp\/v2\/types\/page"}],"author":[{"embeddable":true,"href":"https:\/\/ortoreha.hu\/index.php?rest_route=\/wp\/v2\/users\/1"}],"replies":[{"embeddable":true,"href":"https:\/\/ortoreha.hu\/index.php?rest_route=%2Fwp%2Fv2%2Fcomments&post=8"}],"version-history":[{"count":4,"href":"https:\/\/ortoreha.hu\/index.php?rest_route=\/wp\/v2\/pages\/8\/revisions"}],"predecessor-version":[{"id":83,"href":"https:\/\/ortoreha.hu\/index.php?rest_route=\/wp\/v2\/pages\/8\/revisions\/83"}],"wp:featuredmedia":[{"embeddable":true,"href":"https:\/\/ortoreha.hu\/index.php?rest_route=\/wp\/v2\/media\/62"}],"wp:attachment":[{"href":"https:\/\/ortoreha.hu\/index.php?rest_route=%2Fwp%2Fv2%2Fmedia&parent=8"}],"curies":[{"name":"wp","href":"https:\/\/api.w.org\/{rel}","templated":true}]}}