{"id":9,"date":"2020-04-16T08:35:50","date_gmt":"2020-04-16T08:35:50","guid":{"rendered":"http:\/\/ortoreha.hu\/?page_id=9"},"modified":"2020-04-16T22:58:19","modified_gmt":"2020-04-16T20:58:19","slug":"nevjegy","status":"publish","type":"page","link":"https:\/\/ortoreha.hu\/?page_id=9","title":{"rendered":"Szolg\u00e1ltat\u00e1saink"},"content":{"rendered":"<p>Ortetikai protetikai term\u00e9kek egyedi tervez\u00e9se \u00e9s kivitelez\u00e9se a p\u00e1ciens mobilit\u00e1s szintj\u00e9nek \u00e9s ig\u00e9nyeinek figyelembev\u00e9tel\u00e9vel.<\/p>\n<ul>\n<li>Szakv\u00e9lem\u00e9nyk\u00e9sz\u00edt\u00e9s<\/li>\n<li>Egyedi \u00e1rkalkul\u00e1ci\u00f3 k\u00e9sz\u00edt\u00e9s<\/li>\n<li>Otthon\u00e1ban t\u00f6rt\u00e9n\u0151 \u00e1llapotfelm\u00e9r\u00e9s, \u00e9s mintav\u00e9tel<\/li>\n<li>Eszk\u00f6z visel\u00e9s\u00e9nek betan\u00edt\u00e1sa<\/li>\n<\/ul>\n<p>Ig\u00e9ny eset\u00e9n szakm\u0171helybe val\u00f3 sz\u00e1ll\u00edt\u00e1s szem\u00e9lyg\u00e9pkocsival.<\/p>\n","protected":false},"excerpt":{"rendered":"<p>Ortetikai protetikai term\u00e9kek egyedi tervez\u00e9se \u00e9s kivitelez\u00e9se a p\u00e1ciens mobilit\u00e1s szintj\u00e9nek \u00e9s ig\u00e9nyeinek figyelembev\u00e9tel\u00e9vel. Szakv\u00e9lem\u00e9nyk\u00e9sz\u00edt\u00e9s Egyedi \u00e1rkalkul\u00e1ci\u00f3 k\u00e9sz\u00edt\u00e9s Otthon\u00e1ban t\u00f6rt\u00e9n\u0151 \u00e1llapotfelm\u00e9r\u00e9s, \u00e9s mintav\u00e9tel Eszk\u00f6z visel\u00e9s\u00e9nek betan\u00edt\u00e1sa Ig\u00e9ny eset\u00e9n szakm\u0171helybe val\u00f3&hellip;<a href=\"https:\/\/ortoreha.hu\/?page_id=9\" class=\"more-link\"><span class=\"more-button\">Continue reading<span class=\"screen-reader-text\">Szolg\u00e1ltat\u00e1saink<\/span><\/span><\/a><\/p>\n","protected":false},"author":1,"featured_media":58,"parent":0,"menu_order":0,"comment_status":"closed","ping_status":"closed","template":"","meta":[],"_links":{"self":[{"href":"https:\/\/ortoreha.hu\/index.php?rest_route=\/wp\/v2\/pages\/9"}],"collection":[{"href":"https:\/\/ortoreha.hu\/index.php?rest_route=\/wp\/v2\/pages"}],"about":[{"href":"https:\/\/ortoreha.hu\/index.php?rest_route=\/wp\/v2\/types\/page"}],"author":[{"embeddable":true,"href":"https:\/\/ortoreha.hu\/index.php?rest_route=\/wp\/v2\/users\/1"}],"replies":[{"embeddable":true,"href":"https:\/\/ortoreha.hu\/index.php?rest_route=%2Fwp%2Fv2%2Fcomments&post=9"}],"version-history":[{"count":2,"href":"https:\/\/ortoreha.hu\/index.php?rest_route=\/wp\/v2\/pages\/9\/revisions"}],"predecessor-version":[{"id":49,"href":"https:\/\/ortoreha.hu\/index.php?rest_route=\/wp\/v2\/pages\/9\/revisions\/49"}],"wp:featuredmedia":[{"embeddable":true,"href":"https:\/\/ortoreha.hu\/index.php?rest_route=\/wp\/v2\/media\/58"}],"wp:attachment":[{"href":"https:\/\/ortoreha.hu\/index.php?rest_route=%2Fwp%2Fv2%2Fmedia&parent=9"}],"curies":[{"name":"wp","href":"https:\/\/api.w.org\/{rel}","templated":true}]}}